{"id":2573,"date":"2018-11-02T16:45:51","date_gmt":"2018-11-02T15:45:51","guid":{"rendered":"https:\/\/kellve.com\/om-oss\/"},"modified":"2026-04-01T15:03:20","modified_gmt":"2026-04-01T13:03:20","slug":"about-us","status":"publish","type":"page","link":"https:\/\/kellve.com\/en\/about-us\/","title":{"rendered":"About us"},"content":{"rendered":"<p>[vc_row][vc_column][vc_column_text]<\/p>\n<p class=\"lead\">Kellve is a company that goes back a long way. We started our operation in Kv\u00e4num as far back as 1890. At that time as a forge under the name of Kj\u00e4llstr\u00f6ms mekaniska verkstad where we produced ploughs and harrows. In 1957 we started to produce belt conveyors, which today are our main product.<\/p>\n<p>[\/vc_column_text][vc_separator][vc_column_text]Our business concept is to offer customer-specific solutions for bulk material handling, where belt conveyors are essential. We have some 50 engaged employees who help our customers to improve and streamline their material handling, combining technical expertise with excellent mechanical and material resources.[\/vc_column_text][vc_column_text]<\/p>\n<h3><strong>Owner<\/strong><\/h3>\n<p>Since September 2022 Kellve Sweden AB is owned by the company V\u00e4rnamo Kross Konsult AB .[\/vc_column_text][\/vc_column][\/vc_row][vc_section full_width=&#8221;stretch_row&#8221; el_class=&#8221;section-grey&#8221;][vc_row][vc_column][vc_column_text]<\/p>\n<h2><strong>Quality, environment and ISO-certifications<\/strong><\/h2>\n<h3>Quality<\/h3>\n<p>We are engaged at all times in improving the quality of our solutions and are certified according to the international standard ISO 9001:2008, as well as according to SS-EN 1090-1 which applies in manufacture and delivery of supporting steel structures. One of the most important parts of our quality work is the collaboration with our customers and suppliers.<\/p>\n<ul>\n<li><a href=\"https:\/\/kellve.com\/app\/uploads\/2018\/11\/Certificate-2024.pdf\">ISO 9001:2015<\/a><\/li>\n<li><a href=\"https:\/\/kellve.com\/app\/uploads\/2018\/11\/Certifikat-EN-1090-1-Kellve-Sweden-AB-ENG-1.pdf\">EN 1090-1:2009+A1:2011<\/a><\/li>\n<\/ul>\n<h3>Environment &amp; Occupational health and safety<\/h3>\n<p>Through utilising resources efficiently in our production, we can have the minimum possible impact on the environment. Environmental issues are a very high priority area for us at Kellve. It is a naturally integrated part of our business activities and an important aspect in everything we do. We are certified according to ISO 14001:2004, and the occupational health and safety certification OHSAS 18001:1999.<\/p>\n<ul>\n<li><a href=\"https:\/\/kellve.com\/app\/uploads\/2018\/11\/Certificate-2024.pdf\">ISO 14001:2015<\/a><\/li>\n<li><a href=\"https:\/\/kellve.com\/app\/uploads\/2018\/11\/Certificate-2024.pdf\">ISO 45001:2018<\/a><\/li>\n<\/ul>\n<p>[\/vc_column_text][\/vc_column][\/vc_row][\/vc_section][vc_section full_width=&#8221;stretch_row&#8221; el_id=&#8221;section-dark&#8221; el_class=&#8221;section-dark&#8221;][vc_row][vc_column width=&#8221;1\/4&#8243;][vc_single_image image=&#8221;14&#8243; style=&#8221;vc_box_circle&#8221;][\/vc_column][vc_column width=&#8221;3\/4&#8243;][vc_column_text]<\/p>\n<p class=\"extra\">Would you like to find out more about how we can help you with your transportation at Kellve? Contact us today!<\/p>\n<p class=\"extra town_20_inlinebold\">+46 512-300 200<\/p>\n<p><a href=\"mailto:info@kellve.com\">info@kellve.com<\/a>[\/vc_column_text][vc_btn title=&#8221;Contact us&#8221; link=&#8221;url:https%3A%2F%2Fkellve.com%2Fen%2Fcontact%2F&#8221;][\/vc_column][\/vc_row][vc_row][vc_column][\/vc_column][\/vc_row][\/vc_section]<\/p>\n","protected":false},"excerpt":{"rendered":"<p>[vc_row][vc_column][vc_column_text] Kellve is a company that goes back a long way. We started our operation in Kv\u00e4num as far back as 1890. At that time as&#8230;<\/p>\n","protected":false},"author":8,"featured_media":0,"parent":0,"menu_order":0,"comment_status":"closed","ping_status":"closed","template":"","meta":{"footnotes":""},"yoast_head":"<!-- This site is optimized with the Yoast SEO plugin v22.1 - https:\/\/yoast.com\/wordpress\/plugins\/seo\/ -->\n<title>About us - Kellve<\/title>\n<meta name=\"robots\" content=\"index, follow, max-snippet:-1, max-image-preview:large, max-video-preview:-1\" \/>\n<link rel=\"canonical\" href=\"https:\/\/kellve.com\/en\/about-us\/\" \/>\n<meta property=\"og:locale\" content=\"en_US\" \/>\n<meta property=\"og:type\" content=\"article\" \/>\n<meta property=\"og:title\" content=\"About us - Kellve\" \/>\n<meta property=\"og:description\" content=\"[vc_row][vc_column][vc_column_text] Kellve is a company that goes back a long way. We started our operation in Kv\u00e4num as far back as 1890. At that time as...\" \/>\n<meta property=\"og:url\" content=\"https:\/\/kellve.com\/en\/about-us\/\" \/>\n<meta property=\"og:site_name\" content=\"Kellve\" \/>\n<meta property=\"article:modified_time\" content=\"2026-04-01T13:03:20+00:00\" \/>\n<meta name=\"twitter:card\" content=\"summary_large_image\" \/>\n<meta name=\"twitter:label1\" content=\"Est. reading time\" \/>\n\t<meta name=\"twitter:data1\" content=\"2 minutes\" \/>\n<script type=\"application\/ld+json\" class=\"yoast-schema-graph\">{\"@context\":\"https:\/\/schema.org\",\"@graph\":[{\"@type\":\"WebPage\",\"@id\":\"https:\/\/kellve.com\/en\/about-us\/\",\"url\":\"https:\/\/kellve.com\/en\/about-us\/\",\"name\":\"About us - Kellve\",\"isPartOf\":{\"@id\":\"https:\/\/kellve.com\/en\/#website\"},\"datePublished\":\"2018-11-02T15:45:51+00:00\",\"dateModified\":\"2026-04-01T13:03:20+00:00\",\"breadcrumb\":{\"@id\":\"https:\/\/kellve.com\/en\/about-us\/#breadcrumb\"},\"inLanguage\":\"en-US\",\"potentialAction\":[{\"@type\":\"ReadAction\",\"target\":[\"https:\/\/kellve.com\/en\/about-us\/\"]}]},{\"@type\":\"BreadcrumbList\",\"@id\":\"https:\/\/kellve.com\/en\/about-us\/#breadcrumb\",\"itemListElement\":[{\"@type\":\"ListItem\",\"position\":1,\"name\":\"Home\",\"item\":\"https:\/\/kellve.com\/en\/\"},{\"@type\":\"ListItem\",\"position\":2,\"name\":\"About us\"}]},{\"@type\":\"WebSite\",\"@id\":\"https:\/\/kellve.com\/en\/#website\",\"url\":\"https:\/\/kellve.com\/en\/\",\"name\":\"Kellve\",\"description\":\"\",\"potentialAction\":[{\"@type\":\"SearchAction\",\"target\":{\"@type\":\"EntryPoint\",\"urlTemplate\":\"https:\/\/kellve.com\/en\/?s={search_term_string}\"},\"query-input\":\"required name=search_term_string\"}],\"inLanguage\":\"en-US\"}]}<\/script>\n<!-- \/ Yoast SEO plugin. -->","yoast_head_json":{"title":"About us - Kellve","robots":{"index":"index","follow":"follow","max-snippet":"max-snippet:-1","max-image-preview":"max-image-preview:large","max-video-preview":"max-video-preview:-1"},"canonical":"https:\/\/kellve.com\/en\/about-us\/","og_locale":"en_US","og_type":"article","og_title":"About us - Kellve","og_description":"[vc_row][vc_column][vc_column_text] Kellve is a company that goes back a long way. We started our operation in Kv\u00e4num as far back as 1890. At that time as...","og_url":"https:\/\/kellve.com\/en\/about-us\/","og_site_name":"Kellve","article_modified_time":"2026-04-01T13:03:20+00:00","twitter_card":"summary_large_image","twitter_misc":{"Est. reading time":"2 minutes"},"schema":{"@context":"https:\/\/schema.org","@graph":[{"@type":"WebPage","@id":"https:\/\/kellve.com\/en\/about-us\/","url":"https:\/\/kellve.com\/en\/about-us\/","name":"About us - Kellve","isPartOf":{"@id":"https:\/\/kellve.com\/en\/#website"},"datePublished":"2018-11-02T15:45:51+00:00","dateModified":"2026-04-01T13:03:20+00:00","breadcrumb":{"@id":"https:\/\/kellve.com\/en\/about-us\/#breadcrumb"},"inLanguage":"en-US","potentialAction":[{"@type":"ReadAction","target":["https:\/\/kellve.com\/en\/about-us\/"]}]},{"@type":"BreadcrumbList","@id":"https:\/\/kellve.com\/en\/about-us\/#breadcrumb","itemListElement":[{"@type":"ListItem","position":1,"name":"Home","item":"https:\/\/kellve.com\/en\/"},{"@type":"ListItem","position":2,"name":"About us"}]},{"@type":"WebSite","@id":"https:\/\/kellve.com\/en\/#website","url":"https:\/\/kellve.com\/en\/","name":"Kellve","description":"","potentialAction":[{"@type":"SearchAction","target":{"@type":"EntryPoint","urlTemplate":"https:\/\/kellve.com\/en\/?s={search_term_string}"},"query-input":"required name=search_term_string"}],"inLanguage":"en-US"}]}},"_links":{"self":[{"href":"https:\/\/kellve.com\/en\/wp-json\/wp\/v2\/pages\/2573"}],"collection":[{"href":"https:\/\/kellve.com\/en\/wp-json\/wp\/v2\/pages"}],"about":[{"href":"https:\/\/kellve.com\/en\/wp-json\/wp\/v2\/types\/page"}],"author":[{"embeddable":true,"href":"https:\/\/kellve.com\/en\/wp-json\/wp\/v2\/users\/8"}],"replies":[{"embeddable":true,"href":"https:\/\/kellve.com\/en\/wp-json\/wp\/v2\/comments?post=2573"}],"version-history":[{"count":14,"href":"https:\/\/kellve.com\/en\/wp-json\/wp\/v2\/pages\/2573\/revisions"}],"predecessor-version":[{"id":3512,"href":"https:\/\/kellve.com\/en\/wp-json\/wp\/v2\/pages\/2573\/revisions\/3512"}],"wp:attachment":[{"href":"https:\/\/kellve.com\/en\/wp-json\/wp\/v2\/media?parent=2573"}],"curies":[{"name":"wp","href":"https:\/\/api.w.org\/{rel}","templated":true}]}}